{"id":898,"date":"2025-03-04T09:10:44","date_gmt":"2025-03-04T08:10:44","guid":{"rendered":"https:\/\/redesign.fleissner-partner.at\/?page_id=898"},"modified":"2025-12-23T14:20:28","modified_gmt":"2025-12-23T13:20:28","slug":"imprint","status":"publish","type":"page","link":"https:\/\/www.fleissner-partner.at\/en\/imprint\/","title":{"rendered":"Imprint"},"content":{"rendered":"\t\t<div data-elementor-type=\"wp-page\" data-elementor-id=\"898\" class=\"elementor elementor-898\" data-elementor-post-type=\"page\">\n\t\t\t\t<div class=\"elementor-element elementor-element-5fb192b e-con-full e-flex e-con e-parent\" data-id=\"5fb192b\" data-element_type=\"container\" data-e-type=\"container\" data-settings=\"{&quot;jet_parallax_layout_list&quot;:[]}\">\n\t\t<div class=\"elementor-element elementor-element-e793270 e-con-full e-flex e-con e-child\" data-id=\"e793270\" data-element_type=\"container\" data-e-type=\"container\" data-settings=\"{&quot;jet_parallax_layout_list&quot;:[]}\">\n\t\t<div class=\"elementor-element elementor-element-8fae510 e-con-full e-flex e-con e-child\" data-id=\"8fae510\" data-element_type=\"container\" data-e-type=\"container\" data-settings=\"{&quot;jet_parallax_layout_list&quot;:[]}\">\n\t\t<div class=\"elementor-element elementor-element-c404836 e-con-full e-flex e-con e-child\" data-id=\"c404836\" data-element_type=\"container\" data-e-type=\"container\" data-settings=\"{&quot;jet_parallax_layout_list&quot;:[]}\">\n\t\t<div class=\"elementor-element elementor-element-3fd4698 e-con-full e-flex e-con e-child\" data-id=\"3fd4698\" data-element_type=\"container\" data-e-type=\"container\" data-settings=\"{&quot;jet_parallax_layout_list&quot;:[]}\">\n\t\t\t\t<div class=\"elementor-element elementor-element-09cb80f elementor-widget elementor-widget-heading\" data-id=\"09cb80f\" data-element_type=\"widget\" data-e-type=\"widget\" data-widget_type=\"heading.default\">\n\t\t\t\t<div class=\"elementor-widget-container\">\n\t\t\t\t\t<h1 class=\"elementor-heading-title elementor-size-default\">Imprint<\/h1>\t\t\t\t<\/div>\n\t\t\t\t<\/div>\n\t\t\t\t<div class=\"elementor-element elementor-element-8fd2440 elementor-widget__width-initial elementor-widget elementor-widget-heading\" data-id=\"8fd2440\" data-element_type=\"widget\" data-e-type=\"widget\" data-widget_type=\"heading.default\">\n\t\t\t\t<div class=\"elementor-widget-container\">\n\t\t\t\t\t<h2 class=\"elementor-heading-title elementor-size-default\">Privacy Information<br>\naccording to Art. 13 and Art. 14 GDPR<\/h2>\t\t\t\t<\/div>\n\t\t\t\t<\/div>\n\t\t\t\t<\/div>\n\t\t\t\t<\/div>\n\t\t\t\t<\/div>\n\t\t<div class=\"elementor-element elementor-element-6b80ab6 e-con-full e-flex e-con e-child\" data-id=\"6b80ab6\" data-element_type=\"container\" data-e-type=\"container\" data-settings=\"{&quot;jet_parallax_layout_list&quot;:[]}\">\n\t\t\t\t<div class=\"elementor-element elementor-element-0131bc6 elementor-widget elementor-widget-heading\" data-id=\"0131bc6\" data-element_type=\"widget\" data-e-type=\"widget\" data-widget_type=\"heading.default\">\n\t\t\t\t<div class=\"elementor-widget-container\">\n\t\t\t\t\t<h2 class=\"elementor-heading-title elementor-size-default\">Fleissner + Partner Ges.m.b.H.<\/h2>\t\t\t\t<\/div>\n\t\t\t\t<\/div>\n\t\t\t\t<div class=\"elementor-element elementor-element-567292d elementor-widget__width-initial elementor-widget elementor-widget-text-editor\" data-id=\"567292d\" data-element_type=\"widget\" data-e-type=\"widget\" data-widget_type=\"text-editor.default\">\n\t\t\t\t<div class=\"elementor-widget-container\">\n\t\t\t\t\t\t\t\t\t<p>A-8010 Graz, K\u00f6r\u00f6sistra\u00dfe 64a\/IV\/12<br \/>T: +43 (316) 319 900<br \/>E: office@fleissner-partner.at<br \/>W:\u00a0<a href=\"http:\/\/www.fleissner-partner.at\/\">www.fleissner-partner.at<\/a><\/p><p>\u00a0<\/p>\t\t\t\t\t\t\t\t<\/div>\n\t\t\t\t<\/div>\n\t\t<div class=\"elementor-element elementor-element-6658e15 e-con-full e-flex e-con e-child\" data-id=\"6658e15\" data-element_type=\"container\" data-e-type=\"container\" data-settings=\"{&quot;jet_parallax_layout_list&quot;:[]}\">\n\t\t\t\t<div class=\"elementor-element elementor-element-59dedd2 elementor-widget__width-initial elementor-widget elementor-widget-text-editor\" data-id=\"59dedd2\" data-element_type=\"widget\" data-e-type=\"widget\" data-widget_type=\"text-editor.default\">\n\t\t\t\t<div class=\"elementor-widget-container\">\n\t\t\t\t\t\t\t\t\t<p>Management:<\/p>\t\t\t\t\t\t\t\t<\/div>\n\t\t\t\t<\/div>\n\t\t<div class=\"elementor-element elementor-element-b637451 e-con-full e-flex e-con e-child\" data-id=\"b637451\" data-element_type=\"container\" data-e-type=\"container\" data-settings=\"{&quot;jet_parallax_layout_list&quot;:[]}\">\n\t\t\t\t<div class=\"elementor-element elementor-element-8cfe1cc elementor-widget elementor-widget-text-editor\" data-id=\"8cfe1cc\" data-element_type=\"widget\" data-e-type=\"widget\" data-widget_type=\"text-editor.default\">\n\t\t\t\t<div class=\"elementor-widget-container\">\n\t\t\t\t\t\t\t\t\t<p>Gerhard Fleissner<\/p>\t\t\t\t\t\t\t\t<\/div>\n\t\t\t\t<\/div>\n\t\t\t\t<div class=\"elementor-element elementor-element-2a84762 elementor-widget elementor-widget-text-editor\" data-id=\"2a84762\" data-element_type=\"widget\" data-e-type=\"widget\" data-widget_type=\"text-editor.default\">\n\t\t\t\t<div class=\"elementor-widget-container\">\n\t\t\t\t\t\t\t\t\t<p>BM Ing.<\/p>\t\t\t\t\t\t\t\t<\/div>\n\t\t\t\t<\/div>\n\t\t\t\t<\/div>\n\t\t<div class=\"elementor-element elementor-element-c07942c e-con-full e-flex e-con e-child\" data-id=\"c07942c\" data-element_type=\"container\" data-e-type=\"container\" data-settings=\"{&quot;jet_parallax_layout_list&quot;:[]}\">\n\t\t\t\t<div class=\"elementor-element elementor-element-84cc48d elementor-widget elementor-widget-text-editor\" data-id=\"84cc48d\" data-element_type=\"widget\" data-e-type=\"widget\" data-widget_type=\"text-editor.default\">\n\t\t\t\t<div class=\"elementor-widget-container\">\n\t\t\t\t\t\t\t\t\t<p>Paul Fleissner<\/p>\t\t\t\t\t\t\t\t<\/div>\n\t\t\t\t<\/div>\n\t\t\t\t<div class=\"elementor-element elementor-element-b54dc9e elementor-widget elementor-widget-text-editor\" data-id=\"b54dc9e\" data-element_type=\"widget\" data-e-type=\"widget\" data-widget_type=\"text-editor.default\">\n\t\t\t\t<div class=\"elementor-widget-container\">\n\t\t\t\t\t\t\t\t\t<p>MBA<\/p>\t\t\t\t\t\t\t\t<\/div>\n\t\t\t\t<\/div>\n\t\t\t\t<\/div>\n\t\t\t\t<\/div>\n\t\t\t\t<div class=\"elementor-element elementor-element-6122ca9 elementor-widget__width-initial elementor-widget elementor-widget-text-editor\" data-id=\"6122ca9\" data-element_type=\"widget\" data-e-type=\"widget\" data-widget_type=\"text-editor.default\">\n\t\t\t\t<div class=\"elementor-widget-container\">\n\t\t\t\t\t\t\t\t\t<p>LG f\u00fcr ZRS Graz als Handeslgericht,<br \/>FN 44460 h, prot. HR-B Nr. 3687<br \/>UID: ATU28717001<\/p>\t\t\t\t\t\t\t\t<\/div>\n\t\t\t\t<\/div>\n\t\t\t\t<\/div>\n\t\t\t\t<\/div>\n\t\t\t\t<\/div>\n\t\t<div class=\"elementor-element elementor-element-6d86ed0 e-con-full e-flex e-con e-child\" data-id=\"6d86ed0\" data-element_type=\"container\" data-e-type=\"container\" data-settings=\"{&quot;jet_parallax_layout_list&quot;:[]}\">\n\t\t<div class=\"elementor-element elementor-element-4130a4c e-con-full e-flex e-con e-child\" data-id=\"4130a4c\" data-element_type=\"container\" data-e-type=\"container\" data-settings=\"{&quot;jet_parallax_layout_list&quot;:[]}\">\n\t\t<div class=\"elementor-element elementor-element-91e4a17 e-con-full e-flex e-con e-child\" data-id=\"91e4a17\" data-element_type=\"container\" data-e-type=\"container\" data-settings=\"{&quot;jet_parallax_layout_list&quot;:[]}\">\n\t\t<div class=\"elementor-element elementor-element-6bf02f7 e-con-full e-flex e-con e-child\" data-id=\"6bf02f7\" data-element_type=\"container\" data-e-type=\"container\" data-settings=\"{&quot;jet_parallax_layout_list&quot;:[]}\">\n\t\t\t\t<div class=\"elementor-element elementor-element-35e4cd9 elementor-widget elementor-widget-heading\" data-id=\"35e4cd9\" data-element_type=\"widget\" data-e-type=\"widget\" data-widget_type=\"heading.default\">\n\t\t\t\t<div class=\"elementor-widget-container\">\n\t\t\t\t\t<h2 class=\"elementor-heading-title elementor-size-default\">Liability<\/h2>\t\t\t\t<\/div>\n\t\t\t\t<\/div>\n\t\t\t\t<\/div>\n\t\t\t\t<\/div>\n\t\t\t\t<\/div>\n\t\t<div class=\"elementor-element elementor-element-ffc170d e-con-full e-flex e-con e-child\" data-id=\"ffc170d\" data-element_type=\"container\" data-e-type=\"container\" data-settings=\"{&quot;jet_parallax_layout_list&quot;:[]}\">\n\t\t\t\t<div class=\"elementor-element elementor-element-f1354d6 elementor-widget__width-initial elementor-widget elementor-widget-text-editor\" data-id=\"f1354d6\" data-element_type=\"widget\" data-e-type=\"widget\" data-widget_type=\"text-editor.default\">\n\t\t\t\t<div class=\"elementor-widget-container\">\n\t\t\t\t\t\t\t\t\t<p>The author of these websites strives to present the information offered here to the best of his knowledge and belief, ensuring it is complete, accurate, and up-to-date. However, he cannot accept any liability for damages resulting from the use of the provided information, even if these are due to incomplete or incorrect information. References to external websites are beyond the author\u2019s responsibility. The author is not liable for the content of linked pages, as he has no influence on the design or content of linked pages. Therefore, the provider of the external websites is solely responsible for the content of the pages to which reference is made, and not the person who links to external publications and content. If linked pages (especially due to changes in content after the link has been set) contain illegal, incorrect, incomplete, offensive, or immoral information, and the author of this site is made aware of such content, he will immediately discontinue the link to such pages.<\/p>\t\t\t\t\t\t\t\t<\/div>\n\t\t\t\t<\/div>\n\t\t\t\t<\/div>\n\t\t\t\t<\/div>\n\t\t<div class=\"elementor-element elementor-element-95e27e5 e-con-full e-flex e-con e-child\" data-id=\"95e27e5\" data-element_type=\"container\" data-e-type=\"container\" data-settings=\"{&quot;jet_parallax_layout_list&quot;:[]}\">\n\t\t<div class=\"elementor-element elementor-element-6202e97 e-con-full e-flex e-con e-child\" data-id=\"6202e97\" data-element_type=\"container\" data-e-type=\"container\" data-settings=\"{&quot;jet_parallax_layout_list&quot;:[]}\">\n\t\t<div class=\"elementor-element elementor-element-f505d40 e-con-full e-flex e-con e-child\" data-id=\"f505d40\" data-element_type=\"container\" data-e-type=\"container\" data-settings=\"{&quot;jet_parallax_layout_list&quot;:[]}\">\n\t\t<div class=\"elementor-element elementor-element-b682324 e-con-full e-flex e-con e-child\" data-id=\"b682324\" data-element_type=\"container\" data-e-type=\"container\" data-settings=\"{&quot;jet_parallax_layout_list&quot;:[]}\">\n\t\t\t\t<div class=\"elementor-element elementor-element-83d5d78 elementor-widget elementor-widget-heading\" data-id=\"83d5d78\" data-element_type=\"widget\" data-e-type=\"widget\" data-widget_type=\"heading.default\">\n\t\t\t\t<div class=\"elementor-widget-container\">\n\t\t\t\t\t<h2 class=\"elementor-heading-title elementor-size-default\">Copyright<\/h2>\t\t\t\t<\/div>\n\t\t\t\t<\/div>\n\t\t\t\t<\/div>\n\t\t\t\t<\/div>\n\t\t\t\t<\/div>\n\t\t<div class=\"elementor-element elementor-element-ac6dc33 e-con-full e-flex e-con e-child\" data-id=\"ac6dc33\" data-element_type=\"container\" data-e-type=\"container\" data-settings=\"{&quot;jet_parallax_layout_list&quot;:[]}\">\n\t\t\t\t<div class=\"elementor-element elementor-element-2e50860 elementor-widget__width-initial elementor-widget elementor-widget-text-editor\" data-id=\"2e50860\" data-element_type=\"widget\" data-e-type=\"widget\" data-widget_type=\"text-editor.default\">\n\t\t\t\t<div class=\"elementor-widget-container\">\n\t\t\t\t\t\t\t\t\t<p>The content created by the author on these pages is protected by copyright. Any use of the content of these websites that contradicts the provisions of the Copyright Act \u2013 in particular, further use such as publication, reproduction, any form of commercial use, and distribution to third parties \u2013 even in parts or in modified form \u2013 without the express consent of the author is prohibited. Excluded from this are files explicitly marked for download.<\/p>\t\t\t\t\t\t\t\t<\/div>\n\t\t\t\t<\/div>\n\t\t\t\t<\/div>\n\t\t\t\t<\/div>\n\t\t<div class=\"elementor-element elementor-element-dd9b521 e-con-full e-flex e-con e-child\" data-id=\"dd9b521\" data-element_type=\"container\" data-e-type=\"container\" data-settings=\"{&quot;jet_parallax_layout_list&quot;:[]}\">\n\t\t<div class=\"elementor-element elementor-element-f80179b e-con-full e-flex e-con e-child\" data-id=\"f80179b\" data-element_type=\"container\" data-e-type=\"container\" data-settings=\"{&quot;jet_parallax_layout_list&quot;:[]}\">\n\t\t<div class=\"elementor-element elementor-element-cc77c7d e-con-full e-flex e-con e-child\" data-id=\"cc77c7d\" data-element_type=\"container\" data-e-type=\"container\" data-settings=\"{&quot;jet_parallax_layout_list&quot;:[]}\">\n\t\t<div class=\"elementor-element elementor-element-fa2f279 e-con-full e-flex e-con e-child\" data-id=\"fa2f279\" data-element_type=\"container\" data-e-type=\"container\" data-settings=\"{&quot;jet_parallax_layout_list&quot;:[]}\">\n\t\t\t\t<div class=\"elementor-element elementor-element-eae0f5b elementor-widget elementor-widget-heading\" data-id=\"eae0f5b\" data-element_type=\"widget\" data-e-type=\"widget\" data-widget_type=\"heading.default\">\n\t\t\t\t<div class=\"elementor-widget-container\">\n\t\t\t\t\t<h2 class=\"elementor-heading-title elementor-size-default\">Content<\/h2>\t\t\t\t<\/div>\n\t\t\t\t<\/div>\n\t\t\t\t<\/div>\n\t\t\t\t<\/div>\n\t\t\t\t<\/div>\n\t\t<div class=\"elementor-element elementor-element-e9fa17f e-con-full e-flex e-con e-child\" data-id=\"e9fa17f\" data-element_type=\"container\" data-e-type=\"container\" data-settings=\"{&quot;jet_parallax_layout_list&quot;:[]}\">\n\t\t\t\t<div class=\"elementor-element elementor-element-b7a01d6 elementor-widget__width-initial elementor-widget elementor-widget-text-editor\" data-id=\"b7a01d6\" data-element_type=\"widget\" data-e-type=\"widget\" data-widget_type=\"text-editor.default\">\n\t\t\t\t<div class=\"elementor-widget-container\">\n\t\t\t\t\t\t\t\t\t<p>The information on these websites may be changed, removed, or supplemented without prior notice. Therefore, the author cannot guarantee the accuracy, completeness, quality, or up-to-date status of the provided information.<\/p>\t\t\t\t\t\t\t\t<\/div>\n\t\t\t\t<\/div>\n\t\t\t\t<\/div>\n\t\t\t\t<\/div>\n\t\t<div class=\"elementor-element elementor-element-6ee2438 e-con-full e-flex e-con e-child\" data-id=\"6ee2438\" data-element_type=\"container\" data-e-type=\"container\" data-settings=\"{&quot;jet_parallax_layout_list&quot;:[]}\">\n\t\t<div class=\"elementor-element elementor-element-c3fb37a e-con-full e-flex e-con e-child\" data-id=\"c3fb37a\" data-element_type=\"container\" data-e-type=\"container\" data-settings=\"{&quot;jet_parallax_layout_list&quot;:[]}\">\n\t\t<div class=\"elementor-element elementor-element-54cc71f e-con-full e-flex e-con e-child\" data-id=\"54cc71f\" data-element_type=\"container\" data-e-type=\"container\" data-settings=\"{&quot;jet_parallax_layout_list&quot;:[]}\">\n\t\t<div class=\"elementor-element elementor-element-88a1ac3 e-con-full e-flex e-con e-child\" data-id=\"88a1ac3\" data-element_type=\"container\" data-e-type=\"container\" data-settings=\"{&quot;jet_parallax_layout_list&quot;:[]}\">\n\t\t\t\t<div class=\"elementor-element elementor-element-bde442c elementor-widget elementor-widget-heading\" data-id=\"bde442c\" data-element_type=\"widget\" data-e-type=\"widget\" data-widget_type=\"heading.default\">\n\t\t\t\t<div class=\"elementor-widget-container\">\n\t\t\t\t\t<h2 class=\"elementor-heading-title elementor-size-default\">Legality<\/h2>\t\t\t\t<\/div>\n\t\t\t\t<\/div>\n\t\t\t\t<\/div>\n\t\t\t\t<\/div>\n\t\t\t\t<\/div>\n\t\t<div class=\"elementor-element elementor-element-6f1970b e-con-full e-flex e-con e-child\" data-id=\"6f1970b\" data-element_type=\"container\" data-e-type=\"container\" data-settings=\"{&quot;jet_parallax_layout_list&quot;:[]}\">\n\t\t\t\t<div class=\"elementor-element elementor-element-e7c1046 elementor-widget__width-initial elementor-widget elementor-widget-text-editor\" data-id=\"e7c1046\" data-element_type=\"widget\" data-e-type=\"widget\" data-widget_type=\"text-editor.default\">\n\t\t\t\t<div class=\"elementor-widget-container\">\n\t\t\t\t\t\t\t\t\t<p>By using these websites, the user agrees to the applicable terms of use. These terms are part of the WWW offering. If parts or individual phrases of the terms of use should not, no longer, or not fully comply with the applicable legal situation, the remaining parts of the terms of use remain unaffected in their content and validity.<\/p>\t\t\t\t\t\t\t\t<\/div>\n\t\t\t\t<\/div>\n\t\t\t\t<\/div>\n\t\t\t\t<\/div>\n\t\t<div class=\"elementor-element elementor-element-af1f88f e-con-full e-flex e-con e-child\" data-id=\"af1f88f\" data-element_type=\"container\" data-e-type=\"container\" data-settings=\"{&quot;jet_parallax_layout_list&quot;:[]}\">\n\t\t<div class=\"elementor-element elementor-element-439681b e-con-full e-flex e-con e-child\" data-id=\"439681b\" data-element_type=\"container\" data-e-type=\"container\" data-settings=\"{&quot;jet_parallax_layout_list&quot;:[]}\">\n\t\t<div class=\"elementor-element elementor-element-2a30098 e-con-full e-flex e-con e-child\" data-id=\"2a30098\" data-element_type=\"container\" data-e-type=\"container\" data-settings=\"{&quot;jet_parallax_layout_list&quot;:[]}\">\n\t\t<div class=\"elementor-element elementor-element-b7b45fb e-con-full e-flex e-con e-child\" data-id=\"b7b45fb\" data-element_type=\"container\" data-e-type=\"container\" data-settings=\"{&quot;jet_parallax_layout_list&quot;:[]}\">\n\t\t\t\t<div class=\"elementor-element elementor-element-3fdcb14 elementor-widget elementor-widget-heading\" data-id=\"3fdcb14\" data-element_type=\"widget\" data-e-type=\"widget\" data-widget_type=\"heading.default\">\n\t\t\t\t<div class=\"elementor-widget-container\">\n\t\t\t\t\t<h2 class=\"elementor-heading-title elementor-size-default\">Concept, Design, and Implementation<\/h2>\t\t\t\t<\/div>\n\t\t\t\t<\/div>\n\t\t\t\t<div class=\"elementor-element elementor-element-89460d9 elementor-widget__width-initial elementor-widget elementor-widget-text-editor\" data-id=\"89460d9\" data-element_type=\"widget\" data-e-type=\"widget\" data-widget_type=\"text-editor.default\">\n\t\t\t\t<div class=\"elementor-widget-container\">\n\t\t\t\t\t\t\t\t\t<p>Werbeagentur Jack Coleman | <span data-teams=\"true\">Full Thinking Agentur GmbH<\/span><\/p>\t\t\t\t\t\t\t\t<\/div>\n\t\t\t\t<\/div>\n\t\t\t\t<\/div>\n\t\t\t\t<\/div>\n\t\t\t\t<\/div>\n\t\t<div class=\"elementor-element elementor-element-fea806e e-con-full e-flex e-con e-child\" data-id=\"fea806e\" data-element_type=\"container\" data-e-type=\"container\" data-settings=\"{&quot;jet_parallax_layout_list&quot;:[]}\">\n\t\t\t\t<div class=\"elementor-element elementor-element-7dbfd97 elementor-widget__width-initial elementor-widget elementor-widget-text-editor\" data-id=\"7dbfd97\" data-element_type=\"widget\" data-e-type=\"widget\" data-widget_type=\"text-editor.default\">\n\t\t\t\t<div class=\"elementor-widget-container\">\n\t\t\t\t\t\t\t\t\t<p>Lendplatz 9, 8020 Graz<br \/><a href=\"https:\/\/www.jack-coleman.com\">www.jack-coleman.com<\/a><br \/><a href=\"mailto:office@jack-coleman.com\">office@jack-coleman.com<\/a><\/p>\t\t\t\t\t\t\t\t<\/div>\n\t\t\t\t<\/div>\n\t\t\t\t<\/div>\n\t\t\t\t<\/div>\n\t\t\t\t<\/div>\n\t\t","protected":false},"excerpt":{"rendered":"<p>Imprint Privacy Information according to Art. 13 and Art. 14 GDPR Fleissner + Partner Ges.m.b.H. A-8010 Graz, K\u00f6r\u00f6sistra\u00dfe 64a\/IV\/12T: +43 (316) 319 900E: office@fleissner-partner.atW:\u00a0www.fleissner-partner.at \u00a0 Management: Gerhard Fleissner BM Ing. Paul Fleissner MBA LG f\u00fcr ZRS Graz als Handeslgericht,FN 44460 h, prot. HR-B Nr. 3687UID: ATU28717001 Liability The author of these websites strives to present [&hellip;]<\/p>\n","protected":false},"author":1,"featured_media":0,"parent":0,"menu_order":0,"comment_status":"closed","ping_status":"closed","template":"","meta":{"footnotes":""},"class_list":["post-898","page","type-page","status-publish","hentry"],"yoast_head":"<!-- This site is optimized with the Yoast SEO plugin v27.4 - https:\/\/yoast.com\/product\/yoast-seo-wordpress\/ -->\n<title>Imprint - Fleissner + Partner EN<\/title>\n<meta name=\"robots\" content=\"index, follow, max-snippet:-1, max-image-preview:large, max-video-preview:-1\" \/>\n<link rel=\"canonical\" href=\"https:\/\/www.fleissner-partner.at\/en\/imprint\/\" \/>\n<meta property=\"og:locale\" content=\"en_US\" \/>\n<meta property=\"og:type\" content=\"article\" \/>\n<meta property=\"og:title\" content=\"Imprint - Fleissner + Partner EN\" \/>\n<meta property=\"og:description\" content=\"Imprint Privacy Information according to Art. 13 and Art. 14 GDPR Fleissner + Partner Ges.m.b.H. A-8010 Graz, K\u00f6r\u00f6sistra\u00dfe 64a\/IV\/12T: +43 (316) 319 900E: office@fleissner-partner.atW:\u00a0www.fleissner-partner.at \u00a0 Management: Gerhard Fleissner BM Ing. Paul Fleissner MBA LG f\u00fcr ZRS Graz als Handeslgericht,FN 44460 h, prot. HR-B Nr. 3687UID: ATU28717001 Liability The author of these websites strives to present [&hellip;]\" \/>\n<meta property=\"og:url\" content=\"https:\/\/www.fleissner-partner.at\/en\/imprint\/\" \/>\n<meta property=\"og:site_name\" content=\"Fleissner + Partner EN\" \/>\n<meta property=\"article:modified_time\" content=\"2025-12-23T13:20:28+00:00\" \/>\n<meta name=\"twitter:card\" content=\"summary_large_image\" \/>\n<meta name=\"twitter:label1\" content=\"Est. reading time\" \/>\n\t<meta name=\"twitter:data1\" content=\"2 minutes\" \/>\n<script type=\"application\/ld+json\" class=\"yoast-schema-graph\">{\"@context\":\"https:\\\/\\\/schema.org\",\"@graph\":[{\"@type\":\"WebPage\",\"@id\":\"https:\\\/\\\/www.fleissner-partner.at\\\/en\\\/imprint\\\/\",\"url\":\"https:\\\/\\\/www.fleissner-partner.at\\\/en\\\/imprint\\\/\",\"name\":\"Imprint - Fleissner + Partner EN\",\"isPartOf\":{\"@id\":\"https:\\\/\\\/www.fleissner-partner.at\\\/en\\\/#website\"},\"datePublished\":\"2025-03-04T08:10:44+00:00\",\"dateModified\":\"2025-12-23T13:20:28+00:00\",\"breadcrumb\":{\"@id\":\"https:\\\/\\\/www.fleissner-partner.at\\\/en\\\/imprint\\\/#breadcrumb\"},\"inLanguage\":\"en-US\",\"potentialAction\":[{\"@type\":\"ReadAction\",\"target\":[\"https:\\\/\\\/www.fleissner-partner.at\\\/en\\\/imprint\\\/\"]}]},{\"@type\":\"BreadcrumbList\",\"@id\":\"https:\\\/\\\/www.fleissner-partner.at\\\/en\\\/imprint\\\/#breadcrumb\",\"itemListElement\":[{\"@type\":\"ListItem\",\"position\":1,\"name\":\"Startseite\",\"item\":\"https:\\\/\\\/www.fleissner-partner.at\\\/en\\\/\"},{\"@type\":\"ListItem\",\"position\":2,\"name\":\"Imprint\"}]},{\"@type\":\"WebSite\",\"@id\":\"https:\\\/\\\/www.fleissner-partner.at\\\/en\\\/#website\",\"url\":\"https:\\\/\\\/www.fleissner-partner.at\\\/en\\\/\",\"name\":\"Fleissner + Partner EN\",\"description\":\"\",\"potentialAction\":[{\"@type\":\"SearchAction\",\"target\":{\"@type\":\"EntryPoint\",\"urlTemplate\":\"https:\\\/\\\/www.fleissner-partner.at\\\/en\\\/?s={search_term_string}\"},\"query-input\":{\"@type\":\"PropertyValueSpecification\",\"valueRequired\":true,\"valueName\":\"search_term_string\"}}],\"inLanguage\":\"en-US\"}]}<\/script>\n<!-- \/ Yoast SEO plugin. -->","yoast_head_json":{"title":"Imprint - Fleissner + Partner EN","robots":{"index":"index","follow":"follow","max-snippet":"max-snippet:-1","max-image-preview":"max-image-preview:large","max-video-preview":"max-video-preview:-1"},"canonical":"https:\/\/www.fleissner-partner.at\/en\/imprint\/","og_locale":"en_US","og_type":"article","og_title":"Imprint - Fleissner + Partner EN","og_description":"Imprint Privacy Information according to Art. 13 and Art. 14 GDPR Fleissner + Partner Ges.m.b.H. A-8010 Graz, K\u00f6r\u00f6sistra\u00dfe 64a\/IV\/12T: +43 (316) 319 900E: office@fleissner-partner.atW:\u00a0www.fleissner-partner.at \u00a0 Management: Gerhard Fleissner BM Ing. Paul Fleissner MBA LG f\u00fcr ZRS Graz als Handeslgericht,FN 44460 h, prot. HR-B Nr. 3687UID: ATU28717001 Liability The author of these websites strives to present [&hellip;]","og_url":"https:\/\/www.fleissner-partner.at\/en\/imprint\/","og_site_name":"Fleissner + Partner EN","article_modified_time":"2025-12-23T13:20:28+00:00","twitter_card":"summary_large_image","twitter_misc":{"Est. reading time":"2 minutes"},"schema":{"@context":"https:\/\/schema.org","@graph":[{"@type":"WebPage","@id":"https:\/\/www.fleissner-partner.at\/en\/imprint\/","url":"https:\/\/www.fleissner-partner.at\/en\/imprint\/","name":"Imprint - Fleissner + Partner EN","isPartOf":{"@id":"https:\/\/www.fleissner-partner.at\/en\/#website"},"datePublished":"2025-03-04T08:10:44+00:00","dateModified":"2025-12-23T13:20:28+00:00","breadcrumb":{"@id":"https:\/\/www.fleissner-partner.at\/en\/imprint\/#breadcrumb"},"inLanguage":"en-US","potentialAction":[{"@type":"ReadAction","target":["https:\/\/www.fleissner-partner.at\/en\/imprint\/"]}]},{"@type":"BreadcrumbList","@id":"https:\/\/www.fleissner-partner.at\/en\/imprint\/#breadcrumb","itemListElement":[{"@type":"ListItem","position":1,"name":"Startseite","item":"https:\/\/www.fleissner-partner.at\/en\/"},{"@type":"ListItem","position":2,"name":"Imprint"}]},{"@type":"WebSite","@id":"https:\/\/www.fleissner-partner.at\/en\/#website","url":"https:\/\/www.fleissner-partner.at\/en\/","name":"Fleissner + Partner EN","description":"","potentialAction":[{"@type":"SearchAction","target":{"@type":"EntryPoint","urlTemplate":"https:\/\/www.fleissner-partner.at\/en\/?s={search_term_string}"},"query-input":{"@type":"PropertyValueSpecification","valueRequired":true,"valueName":"search_term_string"}}],"inLanguage":"en-US"}]}},"_links":{"self":[{"href":"https:\/\/www.fleissner-partner.at\/en\/wp-json\/wp\/v2\/pages\/898","targetHints":{"allow":["GET"]}}],"collection":[{"href":"https:\/\/www.fleissner-partner.at\/en\/wp-json\/wp\/v2\/pages"}],"about":[{"href":"https:\/\/www.fleissner-partner.at\/en\/wp-json\/wp\/v2\/types\/page"}],"author":[{"embeddable":true,"href":"https:\/\/www.fleissner-partner.at\/en\/wp-json\/wp\/v2\/users\/1"}],"replies":[{"embeddable":true,"href":"https:\/\/www.fleissner-partner.at\/en\/wp-json\/wp\/v2\/comments?post=898"}],"version-history":[{"count":7,"href":"https:\/\/www.fleissner-partner.at\/en\/wp-json\/wp\/v2\/pages\/898\/revisions"}],"predecessor-version":[{"id":1722,"href":"https:\/\/www.fleissner-partner.at\/en\/wp-json\/wp\/v2\/pages\/898\/revisions\/1722"}],"wp:attachment":[{"href":"https:\/\/www.fleissner-partner.at\/en\/wp-json\/wp\/v2\/media?parent=898"}],"curies":[{"name":"wp","href":"https:\/\/api.w.org\/{rel}","templated":true}]}}